{"id":19,"date":"2025-12-24T12:10:35","date_gmt":"2025-12-24T12:10:35","guid":{"rendered":"https:\/\/terraza21700.rkinformatika.online\/?page_id=19"},"modified":"2026-01-05T11:26:46","modified_gmt":"2026-01-05T11:26:46","slug":"servicios","status":"publish","type":"page","link":"https:\/\/terraza21700.com\/en\/servicios\/","title":{"rendered":"Services"},"content":{"rendered":"<div data-elementor-type=\"wp-page\" data-elementor-id=\"19\" class=\"elementor elementor-19\" data-elementor-post-type=\"page\">\n\t\t\t\t<div class=\"elementor-element elementor-element-702b6dd e-flex e-con-boxed e-con e-parent\" data-id=\"702b6dd\" data-element_type=\"container\" data-e-type=\"container\" data-settings=\"{&quot;background_background&quot;:&quot;classic&quot;}\">\n\t\t\t\t\t<div class=\"e-con-inner\">\n\t\t\t\t<div class=\"elementor-element elementor-element-70289fe elementor-widget elementor-widget-heading\" data-id=\"70289fe\" data-element_type=\"widget\" data-e-type=\"widget\" data-widget_type=\"heading.default\">\n\t\t\t\t\t<h2 class=\"elementor-heading-title elementor-size-default\">Servicio<\/h2>\t\t\t\t<\/div>\n\t\t\t\t\t<\/div>\n\t\t\t\t<\/div>\n\t\t<div class=\"elementor-element elementor-element-cc725b3 e-flex e-con-boxed e-con e-parent\" data-id=\"cc725b3\" data-element_type=\"container\" data-e-type=\"container\">\n\t\t\t\t\t<div class=\"e-con-inner\">\n\t\t<div class=\"elementor-element elementor-element-eecdd1f e-con-full e-flex e-con e-child\" data-id=\"eecdd1f\" data-element_type=\"container\" data-e-type=\"container\">\n\t\t\t\t<div class=\"elementor-element elementor-element-48442e5 elementor-widget elementor-widget-image\" data-id=\"48442e5\" data-element_type=\"widget\" data-e-type=\"widget\" data-widget_type=\"image.default\">\n\t\t\t\t\t\t\t\t\t\t\t\t\t\t\t<img fetchpriority=\"high\" decoding=\"async\" width=\"2000\" height=\"1335\" src=\"https:\/\/terraza21700.com\/wp-content\/uploads\/2026\/01\/8901.jpg\" class=\"attachment-2048x2048 size-2048x2048 wp-image-198\" alt=\"\" srcset=\"https:\/\/terraza21700.com\/wp-content\/uploads\/2026\/01\/8901.jpg 2000w, https:\/\/terraza21700.com\/wp-content\/uploads\/2026\/01\/8901-300x200.jpg 300w, https:\/\/terraza21700.com\/wp-content\/uploads\/2026\/01\/8901-1024x684.jpg 1024w, https:\/\/terraza21700.com\/wp-content\/uploads\/2026\/01\/8901-768x513.jpg 768w, https:\/\/terraza21700.com\/wp-content\/uploads\/2026\/01\/8901-1536x1025.jpg 1536w, https:\/\/terraza21700.com\/wp-content\/uploads\/2026\/01\/8901-18x12.jpg 18w\" sizes=\"(max-width: 2000px) 100vw, 2000px\" \/>\t\t\t\t\t\t\t\t\t\t\t\t\t\t\t<\/div>\n\t\t\t\t<div class=\"elementor-element elementor-element-44b6bad elementor-widget elementor-widget-heading\" data-id=\"44b6bad\" data-element_type=\"widget\" data-e-type=\"widget\" data-widget_type=\"heading.default\">\n\t\t\t\t\t<h2 class=\"elementor-heading-title elementor-size-default\">Bebidas fr\u00edas<\/h2>\t\t\t\t<\/div>\n\t\t\t\t<\/div>\n\t\t<div class=\"elementor-element elementor-element-fb40cbb e-con-full e-flex e-con e-child\" data-id=\"fb40cbb\" data-element_type=\"container\" data-e-type=\"container\">\n\t\t\t\t<div class=\"elementor-element elementor-element-8fdcf33 elementor-widget elementor-widget-image\" data-id=\"8fdcf33\" data-element_type=\"widget\" data-e-type=\"widget\" data-widget_type=\"image.default\">\n\t\t\t\t\t\t\t\t\t\t\t\t\t\t\t<img decoding=\"async\" width=\"2000\" height=\"1333\" src=\"https:\/\/terraza21700.com\/wp-content\/uploads\/2026\/01\/36649-4.jpg\" class=\"attachment-2048x2048 size-2048x2048 wp-image-196\" alt=\"\" srcset=\"https:\/\/terraza21700.com\/wp-content\/uploads\/2026\/01\/36649-4.jpg 2000w, https:\/\/terraza21700.com\/wp-content\/uploads\/2026\/01\/36649-4-300x200.jpg 300w, https:\/\/terraza21700.com\/wp-content\/uploads\/2026\/01\/36649-4-1024x682.jpg 1024w, https:\/\/terraza21700.com\/wp-content\/uploads\/2026\/01\/36649-4-768x512.jpg 768w, https:\/\/terraza21700.com\/wp-content\/uploads\/2026\/01\/36649-4-1536x1024.jpg 1536w, https:\/\/terraza21700.com\/wp-content\/uploads\/2026\/01\/36649-4-18x12.jpg 18w\" sizes=\"(max-width: 2000px) 100vw, 2000px\" \/>\t\t\t\t\t\t\t\t\t\t\t\t\t\t\t<\/div>\n\t\t\t\t<div class=\"elementor-element elementor-element-2c3a983 elementor-widget elementor-widget-heading\" data-id=\"2c3a983\" data-element_type=\"widget\" data-e-type=\"widget\" data-widget_type=\"heading.default\">\n\t\t\t\t\t<h2 class=\"elementor-heading-title elementor-size-default\">Caf\u00e9 e infusiones<\/h2>\t\t\t\t<\/div>\n\t\t\t\t<\/div>\n\t\t\t\t\t<\/div>\n\t\t\t\t<\/div>\n\t\t<div class=\"elementor-element elementor-element-653b50b e-flex e-con-boxed e-con e-parent\" data-id=\"653b50b\" data-element_type=\"container\" data-e-type=\"container\" data-settings=\"{&quot;background_background&quot;:&quot;classic&quot;}\">\n\t\t\t\t\t<div class=\"e-con-inner\">\n\t\t\t\t<div class=\"elementor-element elementor-element-4a0ff27 elementor-widget-mobile__width-initial elementor-widget elementor-widget-heading\" data-id=\"4a0ff27\" data-element_type=\"widget\" data-e-type=\"widget\" data-widget_type=\"heading.default\">\n\t\t\t\t\t<h2 class=\"elementor-heading-title elementor-size-default\">Aqu\u00ed empieza tu pr\u00f3xima visita: cont\u00e1ctanos<\/h2>\t\t\t\t<\/div>\n\t\t\t\t<div class=\"elementor-element elementor-element-6334fe3 elementor-align-center elementor-widget elementor-widget-button\" data-id=\"6334fe3\" data-element_type=\"widget\" data-e-type=\"widget\" data-widget_type=\"button.default\">\n\t\t\t\t\t\t\t\t\t\t<a class=\"elementor-button elementor-button-link elementor-size-sm\" href=\"\/en\/contacto\/\">\n\t\t\t\t\t\t<span class=\"elementor-button-content-wrapper\">\n\t\t\t\t\t\t\t\t\t<span class=\"elementor-button-text\">Ir a contacto<\/span>\n\t\t\t\t\t<\/span>\n\t\t\t\t\t<\/a>\n\t\t\t\t\t\t\t\t<\/div>\n\t\t\t\t\t<\/div>\n\t\t\t\t<\/div>\n\t\t\t\t<\/div>","protected":false},"excerpt":{"rendered":"<p>Servicio Bebidas fr\u00edas Caf\u00e9 e infusiones Aqu\u00ed empieza tu pr\u00f3xima visita: cont\u00e1ctanos Ir a contacto<\/p>","protected":false},"author":1,"featured_media":0,"parent":0,"menu_order":0,"comment_status":"closed","ping_status":"closed","template":"elementor_canvas","meta":{"footnotes":""},"class_list":["post-19","page","type-page","status-publish","hentry"],"yoast_head":"<!-- This site is optimized with the Yoast SEO plugin v27.4 - https:\/\/yoast.com\/product\/yoast-seo-wordpress\/ -->\n<title>Servicios - Terraza 21700<\/title>\n<meta name=\"robots\" content=\"index, follow, max-snippet:-1, max-image-preview:large, max-video-preview:-1\" \/>\n<link rel=\"canonical\" href=\"https:\/\/terraza21700.com\/en\/servicios\/\" \/>\n<meta property=\"og:locale\" content=\"en_US\" \/>\n<meta property=\"og:type\" content=\"article\" \/>\n<meta property=\"og:title\" content=\"Servicios - Terraza 21700\" \/>\n<meta property=\"og:description\" content=\"Servicio Bebidas fr\u00edas Caf\u00e9 e infusiones Aqu\u00ed empieza tu pr\u00f3xima visita: cont\u00e1ctanos Ir a contacto\" \/>\n<meta property=\"og:url\" content=\"https:\/\/terraza21700.com\/en\/servicios\/\" \/>\n<meta property=\"og:site_name\" content=\"Terraza 21700\" \/>\n<meta property=\"article:modified_time\" content=\"2026-01-05T11:26:46+00:00\" \/>\n<meta property=\"og:image\" content=\"https:\/\/terraza21700.com\/wp-content\/uploads\/2026\/01\/8901.jpg\" \/>\n<meta name=\"twitter:card\" content=\"summary_large_image\" \/>\n<script type=\"application\/ld+json\" class=\"yoast-schema-graph\">{\"@context\":\"https:\\\/\\\/schema.org\",\"@graph\":[{\"@type\":\"WebPage\",\"@id\":\"https:\\\/\\\/terraza21700.com\\\/servicios\\\/\",\"url\":\"https:\\\/\\\/terraza21700.com\\\/servicios\\\/\",\"name\":\"Servicios - Terraza 21700\",\"isPartOf\":{\"@id\":\"https:\\\/\\\/terraza21700.com\\\/#website\"},\"primaryImageOfPage\":{\"@id\":\"https:\\\/\\\/terraza21700.com\\\/servicios\\\/#primaryimage\"},\"image\":{\"@id\":\"https:\\\/\\\/terraza21700.com\\\/servicios\\\/#primaryimage\"},\"thumbnailUrl\":\"https:\\\/\\\/terraza21700.com\\\/wp-content\\\/uploads\\\/2026\\\/01\\\/8901.jpg\",\"datePublished\":\"2025-12-24T12:10:35+00:00\",\"dateModified\":\"2026-01-05T11:26:46+00:00\",\"breadcrumb\":{\"@id\":\"https:\\\/\\\/terraza21700.com\\\/servicios\\\/#breadcrumb\"},\"inLanguage\":\"en-US\",\"potentialAction\":[{\"@type\":\"ReadAction\",\"target\":[\"https:\\\/\\\/terraza21700.com\\\/servicios\\\/\"]}]},{\"@type\":\"ImageObject\",\"inLanguage\":\"en-US\",\"@id\":\"https:\\\/\\\/terraza21700.com\\\/servicios\\\/#primaryimage\",\"url\":\"https:\\\/\\\/terraza21700.com\\\/wp-content\\\/uploads\\\/2026\\\/01\\\/8901.jpg\",\"contentUrl\":\"https:\\\/\\\/terraza21700.com\\\/wp-content\\\/uploads\\\/2026\\\/01\\\/8901.jpg\"},{\"@type\":\"BreadcrumbList\",\"@id\":\"https:\\\/\\\/terraza21700.com\\\/servicios\\\/#breadcrumb\",\"itemListElement\":[{\"@type\":\"ListItem\",\"position\":1,\"name\":\"Portada\",\"item\":\"https:\\\/\\\/terraza21700.com\\\/\"},{\"@type\":\"ListItem\",\"position\":2,\"name\":\"Servicios\"}]},{\"@type\":\"WebSite\",\"@id\":\"https:\\\/\\\/terraza21700.com\\\/#website\",\"url\":\"https:\\\/\\\/terraza21700.com\\\/\",\"name\":\"Terraza 21700\",\"description\":\"\",\"publisher\":{\"@id\":\"https:\\\/\\\/terraza21700.com\\\/#organization\"},\"potentialAction\":[{\"@type\":\"SearchAction\",\"target\":{\"@type\":\"EntryPoint\",\"urlTemplate\":\"https:\\\/\\\/terraza21700.com\\\/?s={search_term_string}\"},\"query-input\":{\"@type\":\"PropertyValueSpecification\",\"valueRequired\":true,\"valueName\":\"search_term_string\"}}],\"inLanguage\":\"en-US\"},{\"@type\":\"Organization\",\"@id\":\"https:\\\/\\\/terraza21700.com\\\/#organization\",\"name\":\"Terraza 21700\",\"url\":\"https:\\\/\\\/terraza21700.com\\\/\",\"logo\":{\"@type\":\"ImageObject\",\"inLanguage\":\"en-US\",\"@id\":\"https:\\\/\\\/terraza21700.com\\\/#\\\/schema\\\/logo\\\/image\\\/\",\"url\":\"https:\\\/\\\/terraza21700.com\\\/wp-content\\\/uploads\\\/2025\\\/12\\\/cropped-Y4871209F_logo-removebg-preview.png\",\"contentUrl\":\"https:\\\/\\\/terraza21700.com\\\/wp-content\\\/uploads\\\/2025\\\/12\\\/cropped-Y4871209F_logo-removebg-preview.png\",\"width\":483,\"height\":255,\"caption\":\"Terraza 21700\"},\"image\":{\"@id\":\"https:\\\/\\\/terraza21700.com\\\/#\\\/schema\\\/logo\\\/image\\\/\"}}]}<\/script>\n<!-- \/ Yoast SEO plugin. -->","yoast_head_json":{"title":"Servicios - Terraza 21700","robots":{"index":"index","follow":"follow","max-snippet":"max-snippet:-1","max-image-preview":"max-image-preview:large","max-video-preview":"max-video-preview:-1"},"canonical":"https:\/\/terraza21700.com\/en\/servicios\/","og_locale":"en_US","og_type":"article","og_title":"Servicios - Terraza 21700","og_description":"Servicio Bebidas fr\u00edas Caf\u00e9 e infusiones Aqu\u00ed empieza tu pr\u00f3xima visita: cont\u00e1ctanos Ir a contacto","og_url":"https:\/\/terraza21700.com\/en\/servicios\/","og_site_name":"Terraza 21700","article_modified_time":"2026-01-05T11:26:46+00:00","og_image":[{"url":"https:\/\/terraza21700.com\/wp-content\/uploads\/2026\/01\/8901.jpg","type":"","width":"","height":""}],"twitter_card":"summary_large_image","schema":{"@context":"https:\/\/schema.org","@graph":[{"@type":"WebPage","@id":"https:\/\/terraza21700.com\/servicios\/","url":"https:\/\/terraza21700.com\/servicios\/","name":"Servicios - Terraza 21700","isPartOf":{"@id":"https:\/\/terraza21700.com\/#website"},"primaryImageOfPage":{"@id":"https:\/\/terraza21700.com\/servicios\/#primaryimage"},"image":{"@id":"https:\/\/terraza21700.com\/servicios\/#primaryimage"},"thumbnailUrl":"https:\/\/terraza21700.com\/wp-content\/uploads\/2026\/01\/8901.jpg","datePublished":"2025-12-24T12:10:35+00:00","dateModified":"2026-01-05T11:26:46+00:00","breadcrumb":{"@id":"https:\/\/terraza21700.com\/servicios\/#breadcrumb"},"inLanguage":"en-US","potentialAction":[{"@type":"ReadAction","target":["https:\/\/terraza21700.com\/servicios\/"]}]},{"@type":"ImageObject","inLanguage":"en-US","@id":"https:\/\/terraza21700.com\/servicios\/#primaryimage","url":"https:\/\/terraza21700.com\/wp-content\/uploads\/2026\/01\/8901.jpg","contentUrl":"https:\/\/terraza21700.com\/wp-content\/uploads\/2026\/01\/8901.jpg"},{"@type":"BreadcrumbList","@id":"https:\/\/terraza21700.com\/servicios\/#breadcrumb","itemListElement":[{"@type":"ListItem","position":1,"name":"Portada","item":"https:\/\/terraza21700.com\/"},{"@type":"ListItem","position":2,"name":"Servicios"}]},{"@type":"WebSite","@id":"https:\/\/terraza21700.com\/#website","url":"https:\/\/terraza21700.com\/","name":"Terrace 21700","description":"","publisher":{"@id":"https:\/\/terraza21700.com\/#organization"},"potentialAction":[{"@type":"SearchAction","target":{"@type":"EntryPoint","urlTemplate":"https:\/\/terraza21700.com\/?s={search_term_string}"},"query-input":{"@type":"PropertyValueSpecification","valueRequired":true,"valueName":"search_term_string"}}],"inLanguage":"en-US"},{"@type":"Organization","@id":"https:\/\/terraza21700.com\/#organization","name":"Terrace 21700","url":"https:\/\/terraza21700.com\/","logo":{"@type":"ImageObject","inLanguage":"en-US","@id":"https:\/\/terraza21700.com\/#\/schema\/logo\/image\/","url":"https:\/\/terraza21700.com\/wp-content\/uploads\/2025\/12\/cropped-Y4871209F_logo-removebg-preview.png","contentUrl":"https:\/\/terraza21700.com\/wp-content\/uploads\/2025\/12\/cropped-Y4871209F_logo-removebg-preview.png","width":483,"height":255,"caption":"Terraza 21700"},"image":{"@id":"https:\/\/terraza21700.com\/#\/schema\/logo\/image\/"}}]}},"_links":{"self":[{"href":"https:\/\/terraza21700.com\/en\/wp-json\/wp\/v2\/pages\/19","targetHints":{"allow":["GET"]}}],"collection":[{"href":"https:\/\/terraza21700.com\/en\/wp-json\/wp\/v2\/pages"}],"about":[{"href":"https:\/\/terraza21700.com\/en\/wp-json\/wp\/v2\/types\/page"}],"author":[{"embeddable":true,"href":"https:\/\/terraza21700.com\/en\/wp-json\/wp\/v2\/users\/1"}],"replies":[{"embeddable":true,"href":"https:\/\/terraza21700.com\/en\/wp-json\/wp\/v2\/comments?post=19"}],"version-history":[{"count":22,"href":"https:\/\/terraza21700.com\/en\/wp-json\/wp\/v2\/pages\/19\/revisions"}],"predecessor-version":[{"id":254,"href":"https:\/\/terraza21700.com\/en\/wp-json\/wp\/v2\/pages\/19\/revisions\/254"}],"wp:attachment":[{"href":"https:\/\/terraza21700.com\/en\/wp-json\/wp\/v2\/media?parent=19"}],"curies":[{"name":"wp","href":"https:\/\/api.w.org\/{rel}","templated":true}]}}