{"id":2,"date":"2025-12-24T11:48:13","date_gmt":"2025-12-24T11:48:13","guid":{"rendered":"https:\/\/terraza21700.rkinformatika.online\/?page_id=2"},"modified":"2026-01-05T11:18:08","modified_gmt":"2026-01-05T11:18:08","slug":"inicio","status":"publish","type":"page","link":"https:\/\/terraza21700.com\/en\/","title":{"rendered":"Home"},"content":{"rendered":"<div data-elementor-type=\"wp-page\" data-elementor-id=\"2\" class=\"elementor elementor-2\" data-elementor-post-type=\"page\">\n\t\t\t\t<div class=\"elementor-element elementor-element-143c929 e-flex e-con-boxed e-con e-parent\" data-id=\"143c929\" data-element_type=\"container\" data-e-type=\"container\" data-settings=\"{&quot;background_background&quot;:&quot;classic&quot;}\">\n\t\t\t\t\t<div class=\"e-con-inner\">\n\t\t\t\t<div class=\"elementor-element elementor-element-1f30f93 elementor-widget elementor-widget-heading\" data-id=\"1f30f93\" data-element_type=\"widget\" data-e-type=\"widget\" data-widget_type=\"heading.default\">\n\t\t\t\t\t<h2 class=\"elementor-heading-title elementor-size-default\">Terrace 21700<\/h2>\t\t\t\t<\/div>\n\t\t\t\t\t<\/div>\n\t\t\t\t<\/div>\n\t\t<div class=\"elementor-element elementor-element-3ac4f2f e-flex e-con-boxed e-con e-parent\" data-id=\"3ac4f2f\" data-element_type=\"container\" data-e-type=\"container\">\n\t\t\t\t\t<div class=\"e-con-inner\">\n\t\t<div class=\"elementor-element elementor-element-5a3d306 e-con-full e-flex e-con e-child\" data-id=\"5a3d306\" data-element_type=\"container\" data-e-type=\"container\">\n\t\t\t\t<div class=\"elementor-element elementor-element-af2f639 elementor-widget elementor-widget-heading\" data-id=\"af2f639\" data-element_type=\"widget\" data-e-type=\"widget\" data-widget_type=\"heading.default\">\n\t\t\t\t\t<h2 class=\"elementor-heading-title elementor-size-default\">About us\n<\/h2>\t\t\t\t<\/div>\n\t\t\t\t<div class=\"elementor-element elementor-element-f14ee3b elementor-widget elementor-widget-text-editor\" data-id=\"f14ee3b\" data-element_type=\"widget\" data-e-type=\"widget\" data-widget_type=\"text-editor.default\">\n\t\t\t\t\t\t\t\t\t<p data-start=\"128\" data-end=\"401\">With <strong data-start=\"132\" data-end=\"157\">9 years of experience<\/strong>,our bar-caf\u00e9 is a place designed for enjoying every moment of the day. In the morning and afternoon, we offer a welcoming space with quality coffee, breakfasts, and snacks, perfect for relaxing, chatting, or simply unwinding.<\/p><p data-start=\"403\" data-end=\"582\">\u00a0<\/p>\t\t\t\t\t\t\t\t<\/div>\n\t\t\t\t<\/div>\n\t\t<div class=\"elementor-element elementor-element-3bbd9cb e-con-full e-flex e-con e-child\" data-id=\"3bbd9cb\" data-element_type=\"container\" data-e-type=\"container\">\n\t\t\t\t<div class=\"elementor-element elementor-element-4c66f8f elementor-widget elementor-widget-image\" data-id=\"4c66f8f\" data-element_type=\"widget\" data-e-type=\"widget\" data-widget_type=\"image.default\">\n\t\t\t\t\t\t\t\t\t\t\t\t\t\t\t<img fetchpriority=\"high\" decoding=\"async\" width=\"2000\" height=\"1333\" src=\"https:\/\/terraza21700.com\/wp-content\/uploads\/2026\/01\/36643.jpg\" class=\"attachment-2048x2048 size-2048x2048 wp-image-239\" alt=\"\" srcset=\"https:\/\/terraza21700.com\/wp-content\/uploads\/2026\/01\/36643.jpg 2000w, https:\/\/terraza21700.com\/wp-content\/uploads\/2026\/01\/36643-300x200.jpg 300w, https:\/\/terraza21700.com\/wp-content\/uploads\/2026\/01\/36643-1024x682.jpg 1024w, https:\/\/terraza21700.com\/wp-content\/uploads\/2026\/01\/36643-768x512.jpg 768w, https:\/\/terraza21700.com\/wp-content\/uploads\/2026\/01\/36643-1536x1024.jpg 1536w, https:\/\/terraza21700.com\/wp-content\/uploads\/2026\/01\/36643-18x12.jpg 18w\" sizes=\"(max-width: 2000px) 100vw, 2000px\" \/>\t\t\t\t\t\t\t\t\t\t\t\t\t\t\t<\/div>\n\t\t\t\t<\/div>\n\t\t\t\t\t<\/div>\n\t\t\t\t<\/div>\n\t\t<div class=\"elementor-element elementor-element-9df6957 e-flex e-con-boxed e-con e-parent\" data-id=\"9df6957\" data-element_type=\"container\" data-e-type=\"container\">\n\t\t\t\t\t<div class=\"e-con-inner\">\n\t\t<div class=\"elementor-element elementor-element-3671c67 e-con-full e-flex e-con e-child\" data-id=\"3671c67\" data-element_type=\"container\" data-e-type=\"container\">\n\t\t\t\t<div class=\"elementor-element elementor-element-a593c1f elementor-widget__width-inherit elementor-widget elementor-widget-text-editor\" data-id=\"a593c1f\" data-element_type=\"widget\" data-e-type=\"widget\" data-widget_type=\"text-editor.default\">\n\t\t\t\t\t\t\t\t\t<p data-start=\"403\" data-end=\"582\">As night falls, our venue transforms into a vibrant nightclub, with music, drinks and a lively atmosphere, always maintaining the warmth and friendliness that characterize us.<\/p><p data-start=\"584\" data-end=\"793\">Over the years, we've learned that what matters most isn't just serving drinks, but creating memorable experiences. Every detail reflects our passion for offering a place you'll always want to return to.<\/p>\t\t\t\t\t\t\t\t<\/div>\n\t\t\t\t<\/div>\n\t\t<div class=\"elementor-element elementor-element-debfde2 e-con-full e-flex e-con e-child\" data-id=\"debfde2\" data-element_type=\"container\" data-e-type=\"container\">\n\t\t\t\t<div class=\"elementor-element elementor-element-ab30a9d elementor-widget elementor-widget-image\" data-id=\"ab30a9d\" data-element_type=\"widget\" data-e-type=\"widget\" data-widget_type=\"image.default\">\n\t\t\t\t\t\t\t\t\t\t\t\t\t\t\t<img decoding=\"async\" width=\"2000\" height=\"1333\" src=\"https:\/\/terraza21700.com\/wp-content\/uploads\/2026\/01\/2147681048.jpg\" class=\"attachment-2048x2048 size-2048x2048 wp-image-216\" alt=\"\" srcset=\"https:\/\/terraza21700.com\/wp-content\/uploads\/2026\/01\/2147681048.jpg 2000w, https:\/\/terraza21700.com\/wp-content\/uploads\/2026\/01\/2147681048-300x200.jpg 300w, https:\/\/terraza21700.com\/wp-content\/uploads\/2026\/01\/2147681048-1024x682.jpg 1024w, https:\/\/terraza21700.com\/wp-content\/uploads\/2026\/01\/2147681048-768x512.jpg 768w, https:\/\/terraza21700.com\/wp-content\/uploads\/2026\/01\/2147681048-1536x1024.jpg 1536w, https:\/\/terraza21700.com\/wp-content\/uploads\/2026\/01\/2147681048-18x12.jpg 18w\" sizes=\"(max-width: 2000px) 100vw, 2000px\" \/>\t\t\t\t\t\t\t\t\t\t\t\t\t\t\t<\/div>\n\t\t\t\t<\/div>\n\t\t\t\t\t<\/div>\n\t\t\t\t<\/div>\n\t\t<div class=\"elementor-element elementor-element-9c8ff57 e-flex e-con-boxed e-con e-parent\" data-id=\"9c8ff57\" data-element_type=\"container\" data-e-type=\"container\" data-settings=\"{&quot;background_background&quot;:&quot;classic&quot;}\">\n\t\t\t\t\t<div class=\"e-con-inner\">\n\t\t\t\t<div class=\"elementor-element elementor-element-105451c elementor-widget elementor-widget-heading\" data-id=\"105451c\" data-element_type=\"widget\" data-e-type=\"widget\" data-widget_type=\"heading.default\">\n\t\t\t\t\t<h2 class=\"elementor-heading-title elementor-size-default\">See what we offer<\/h2>\t\t\t\t<\/div>\n\t\t\t\t<div class=\"elementor-element elementor-element-5d0cf7a elementor-align-center elementor-widget elementor-widget-button\" data-id=\"5d0cf7a\" data-element_type=\"widget\" data-e-type=\"widget\" data-widget_type=\"button.default\">\n\t\t\t\t\t\t\t\t\t\t<a class=\"elementor-button elementor-button-link elementor-size-sm\" href=\"\/en\/servicio\/\">\n\t\t\t\t\t\t<span class=\"elementor-button-content-wrapper\">\n\t\t\t\t\t\t\t\t\t<span class=\"elementor-button-text\">Services<\/span>\n\t\t\t\t\t<\/span>\n\t\t\t\t\t<\/a>\n\t\t\t\t\t\t\t\t<\/div>\n\t\t\t\t\t<\/div>\n\t\t\t\t<\/div>\n\t\t\t\t<\/div>","protected":false},"excerpt":{"rendered":"<p>Terraza 21700 Sobre nosotros Con 9 a\u00f1os de experiencia, nuestro bar-cafeter\u00eda es un lugar pensado para disfrutar cada momento del d\u00eda. Por la ma\u00f1ana y la tarde, ofrecemos un espacio acogedor con caf\u00e9 de calidad, desayunos y meriendas, perfecto para relajarte, conversar o simplemente desconectar. \u00a0 Al caer la noche, nuestro local se transforma en [&hellip;]<\/p>\n","protected":false},"author":1,"featured_media":0,"parent":0,"menu_order":0,"comment_status":"closed","ping_status":"closed","template":"elementor_canvas","meta":{"footnotes":""},"class_list":["post-2","page","type-page","status-publish","hentry"],"yoast_head":"<!-- This site is optimized with the Yoast SEO plugin v27.4 - https:\/\/yoast.com\/product\/yoast-seo-wordpress\/ -->\n<title>Inicio - Terraza 21700<\/title>\n<meta name=\"robots\" content=\"index, follow, max-snippet:-1, max-image-preview:large, max-video-preview:-1\" \/>\n<link rel=\"canonical\" href=\"https:\/\/terraza21700.com\/en\/\" \/>\n<meta property=\"og:locale\" content=\"en_US\" \/>\n<meta property=\"og:type\" content=\"article\" \/>\n<meta property=\"og:title\" content=\"Inicio - Terraza 21700\" \/>\n<meta property=\"og:description\" content=\"Terraza 21700 Sobre nosotros Con 9 a\u00f1os de experiencia, nuestro bar-cafeter\u00eda es un lugar pensado para disfrutar cada momento del d\u00eda. Por la ma\u00f1ana y la tarde, ofrecemos un espacio acogedor con caf\u00e9 de calidad, desayunos y meriendas, perfecto para relajarte, conversar o simplemente desconectar. \u00a0 Al caer la noche, nuestro local se transforma en [&hellip;]\" \/>\n<meta property=\"og:url\" content=\"https:\/\/terraza21700.com\/en\/\" \/>\n<meta property=\"og:site_name\" content=\"Terraza 21700\" \/>\n<meta property=\"article:modified_time\" content=\"2026-01-05T11:18:08+00:00\" \/>\n<meta property=\"og:image\" content=\"https:\/\/terraza21700.com\/wp-content\/uploads\/2026\/01\/36643.jpg\" \/>\n<meta name=\"twitter:card\" content=\"summary_large_image\" \/>\n<script type=\"application\/ld+json\" class=\"yoast-schema-graph\">{\"@context\":\"https:\\\/\\\/schema.org\",\"@graph\":[{\"@type\":\"WebPage\",\"@id\":\"https:\\\/\\\/terraza21700.com\\\/\",\"url\":\"https:\\\/\\\/terraza21700.com\\\/\",\"name\":\"Inicio - Terraza 21700\",\"isPartOf\":{\"@id\":\"https:\\\/\\\/terraza21700.com\\\/#website\"},\"primaryImageOfPage\":{\"@id\":\"https:\\\/\\\/terraza21700.com\\\/#primaryimage\"},\"image\":{\"@id\":\"https:\\\/\\\/terraza21700.com\\\/#primaryimage\"},\"thumbnailUrl\":\"https:\\\/\\\/terraza21700.com\\\/wp-content\\\/uploads\\\/2026\\\/01\\\/36643.jpg\",\"datePublished\":\"2025-12-24T11:48:13+00:00\",\"dateModified\":\"2026-01-05T11:18:08+00:00\",\"breadcrumb\":{\"@id\":\"https:\\\/\\\/terraza21700.com\\\/#breadcrumb\"},\"inLanguage\":\"en-US\",\"potentialAction\":[{\"@type\":\"ReadAction\",\"target\":[\"https:\\\/\\\/terraza21700.com\\\/\"]}]},{\"@type\":\"ImageObject\",\"inLanguage\":\"en-US\",\"@id\":\"https:\\\/\\\/terraza21700.com\\\/#primaryimage\",\"url\":\"https:\\\/\\\/terraza21700.com\\\/wp-content\\\/uploads\\\/2026\\\/01\\\/36643.jpg\",\"contentUrl\":\"https:\\\/\\\/terraza21700.com\\\/wp-content\\\/uploads\\\/2026\\\/01\\\/36643.jpg\"},{\"@type\":\"BreadcrumbList\",\"@id\":\"https:\\\/\\\/terraza21700.com\\\/#breadcrumb\",\"itemListElement\":[{\"@type\":\"ListItem\",\"position\":1,\"name\":\"Portada\",\"item\":\"https:\\\/\\\/terraza21700.com\\\/\"},{\"@type\":\"ListItem\",\"position\":2,\"name\":\"Inicio\"}]},{\"@type\":\"WebSite\",\"@id\":\"https:\\\/\\\/terraza21700.com\\\/#website\",\"url\":\"https:\\\/\\\/terraza21700.com\\\/\",\"name\":\"Terraza 21700\",\"description\":\"\",\"publisher\":{\"@id\":\"https:\\\/\\\/terraza21700.com\\\/#organization\"},\"potentialAction\":[{\"@type\":\"SearchAction\",\"target\":{\"@type\":\"EntryPoint\",\"urlTemplate\":\"https:\\\/\\\/terraza21700.com\\\/?s={search_term_string}\"},\"query-input\":{\"@type\":\"PropertyValueSpecification\",\"valueRequired\":true,\"valueName\":\"search_term_string\"}}],\"inLanguage\":\"en-US\"},{\"@type\":\"Organization\",\"@id\":\"https:\\\/\\\/terraza21700.com\\\/#organization\",\"name\":\"Terraza 21700\",\"url\":\"https:\\\/\\\/terraza21700.com\\\/\",\"logo\":{\"@type\":\"ImageObject\",\"inLanguage\":\"en-US\",\"@id\":\"https:\\\/\\\/terraza21700.com\\\/#\\\/schema\\\/logo\\\/image\\\/\",\"url\":\"https:\\\/\\\/terraza21700.com\\\/wp-content\\\/uploads\\\/2025\\\/12\\\/cropped-Y4871209F_logo-removebg-preview.png\",\"contentUrl\":\"https:\\\/\\\/terraza21700.com\\\/wp-content\\\/uploads\\\/2025\\\/12\\\/cropped-Y4871209F_logo-removebg-preview.png\",\"width\":483,\"height\":255,\"caption\":\"Terraza 21700\"},\"image\":{\"@id\":\"https:\\\/\\\/terraza21700.com\\\/#\\\/schema\\\/logo\\\/image\\\/\"}}]}<\/script>\n<!-- \/ Yoast SEO plugin. -->","yoast_head_json":{"title":"Inicio - Terraza 21700","robots":{"index":"index","follow":"follow","max-snippet":"max-snippet:-1","max-image-preview":"max-image-preview:large","max-video-preview":"max-video-preview:-1"},"canonical":"https:\/\/terraza21700.com\/en\/","og_locale":"en_US","og_type":"article","og_title":"Inicio - Terraza 21700","og_description":"Terraza 21700 Sobre nosotros Con 9 a\u00f1os de experiencia, nuestro bar-cafeter\u00eda es un lugar pensado para disfrutar cada momento del d\u00eda. Por la ma\u00f1ana y la tarde, ofrecemos un espacio acogedor con caf\u00e9 de calidad, desayunos y meriendas, perfecto para relajarte, conversar o simplemente desconectar. \u00a0 Al caer la noche, nuestro local se transforma en [&hellip;]","og_url":"https:\/\/terraza21700.com\/en\/","og_site_name":"Terraza 21700","article_modified_time":"2026-01-05T11:18:08+00:00","og_image":[{"url":"https:\/\/terraza21700.com\/wp-content\/uploads\/2026\/01\/36643.jpg","type":"","width":"","height":""}],"twitter_card":"summary_large_image","schema":{"@context":"https:\/\/schema.org","@graph":[{"@type":"WebPage","@id":"https:\/\/terraza21700.com\/","url":"https:\/\/terraza21700.com\/","name":"Inicio - Terraza 21700","isPartOf":{"@id":"https:\/\/terraza21700.com\/#website"},"primaryImageOfPage":{"@id":"https:\/\/terraza21700.com\/#primaryimage"},"image":{"@id":"https:\/\/terraza21700.com\/#primaryimage"},"thumbnailUrl":"https:\/\/terraza21700.com\/wp-content\/uploads\/2026\/01\/36643.jpg","datePublished":"2025-12-24T11:48:13+00:00","dateModified":"2026-01-05T11:18:08+00:00","breadcrumb":{"@id":"https:\/\/terraza21700.com\/#breadcrumb"},"inLanguage":"en-US","potentialAction":[{"@type":"ReadAction","target":["https:\/\/terraza21700.com\/"]}]},{"@type":"ImageObject","inLanguage":"en-US","@id":"https:\/\/terraza21700.com\/#primaryimage","url":"https:\/\/terraza21700.com\/wp-content\/uploads\/2026\/01\/36643.jpg","contentUrl":"https:\/\/terraza21700.com\/wp-content\/uploads\/2026\/01\/36643.jpg"},{"@type":"BreadcrumbList","@id":"https:\/\/terraza21700.com\/#breadcrumb","itemListElement":[{"@type":"ListItem","position":1,"name":"Portada","item":"https:\/\/terraza21700.com\/"},{"@type":"ListItem","position":2,"name":"Inicio"}]},{"@type":"WebSite","@id":"https:\/\/terraza21700.com\/#website","url":"https:\/\/terraza21700.com\/","name":"Terrace 21700","description":"","publisher":{"@id":"https:\/\/terraza21700.com\/#organization"},"potentialAction":[{"@type":"SearchAction","target":{"@type":"EntryPoint","urlTemplate":"https:\/\/terraza21700.com\/?s={search_term_string}"},"query-input":{"@type":"PropertyValueSpecification","valueRequired":true,"valueName":"search_term_string"}}],"inLanguage":"en-US"},{"@type":"Organization","@id":"https:\/\/terraza21700.com\/#organization","name":"Terrace 21700","url":"https:\/\/terraza21700.com\/","logo":{"@type":"ImageObject","inLanguage":"en-US","@id":"https:\/\/terraza21700.com\/#\/schema\/logo\/image\/","url":"https:\/\/terraza21700.com\/wp-content\/uploads\/2025\/12\/cropped-Y4871209F_logo-removebg-preview.png","contentUrl":"https:\/\/terraza21700.com\/wp-content\/uploads\/2025\/12\/cropped-Y4871209F_logo-removebg-preview.png","width":483,"height":255,"caption":"Terraza 21700"},"image":{"@id":"https:\/\/terraza21700.com\/#\/schema\/logo\/image\/"}}]}},"_links":{"self":[{"href":"https:\/\/terraza21700.com\/en\/wp-json\/wp\/v2\/pages\/2","targetHints":{"allow":["GET"]}}],"collection":[{"href":"https:\/\/terraza21700.com\/en\/wp-json\/wp\/v2\/pages"}],"about":[{"href":"https:\/\/terraza21700.com\/en\/wp-json\/wp\/v2\/types\/page"}],"author":[{"embeddable":true,"href":"https:\/\/terraza21700.com\/en\/wp-json\/wp\/v2\/users\/1"}],"replies":[{"embeddable":true,"href":"https:\/\/terraza21700.com\/en\/wp-json\/wp\/v2\/comments?post=2"}],"version-history":[{"count":26,"href":"https:\/\/terraza21700.com\/en\/wp-json\/wp\/v2\/pages\/2\/revisions"}],"predecessor-version":[{"id":245,"href":"https:\/\/terraza21700.com\/en\/wp-json\/wp\/v2\/pages\/2\/revisions\/245"}],"wp:attachment":[{"href":"https:\/\/terraza21700.com\/en\/wp-json\/wp\/v2\/media?parent=2"}],"curies":[{"name":"wp","href":"https:\/\/api.w.org\/{rel}","templated":true}]}}